{"id":5206,"date":"2023-05-01T14:06:30","date_gmt":"2023-05-01T12:06:30","guid":{"rendered":"http:\/\/www.piavanelly.com\/piavanelly\/?page_id=5206"},"modified":"2023-11-02T08:30:20","modified_gmt":"2023-11-02T07:30:20","slug":"pv_home","status":"publish","type":"page","link":"http:\/\/www.piavanelly.com\/piavanelly\/","title":{"rendered":"PV_Home"},"content":{"rendered":"<section class=\"wpb-content-wrapper\"><p>[vc_row content_width=&#8220;full&#8220; equal_height=&#8220;&#8220; font_color=&#8220;light&#8220; shift_y=&#8220;0&#8243; z_index=&#8220;0&#8243; arrow_down=&#8220;true&#8220; row_name=&#8220;Home&#8220;][vc_column]\n\t\t\t<!-- START Slider 1 REVOLUTION SLIDER 6.6.12 --><p class=\"rs-p-wp-fix\"><\/p>\n\t\t\t<rs-module-wrap id=\"rev_slider_1_1_wrapper\" data-source=\"gallery\" style=\"visibility:hidden;background:transparent;padding:0;margin:0px auto;margin-top:0;margin-bottom:0;background-image:url(http:\/\/www.piavanelly.com\/piavanelly\/wp-content\/uploads\/2023\/04\/piavanelly-es-ist-wie-es-ist.jpg);background-repeat:no-repeat;background-size:cover;background-position:center center;\">\n\t\t\t\t<rs-module id=\"rev_slider_1_1\" style=\"\" data-version=\"6.6.12\">\n\t\t\t\t\t<rs-slides style=\"overflow: hidden; position: absolute;\">\n\t\t\t\t\t\t<rs-slide style=\"position: absolute;\" data-key=\"rs-1\" data-title=\"Pia Home Slider\" data-filter=\"e:late2;g:100;\" data-in=\"o:0;e:power1.in;\" data-out=\"a:false;\">\n\t\t\t\t\t\t\t<img decoding=\"async\" src=\"\/\/www.piavanelly.com\/piavanelly\/wp-content\/plugins\/revslider\/public\/assets\/assets\/dummy.png\" alt=\"Pia Home Slider\" title=\"PV_Home\" class=\"rev-slidebg tp-rs-img rs-lazyload\" data-lazyload=\"\/\/www.piavanelly.com\/piavanelly\/wp-content\/plugins\/revslider\/public\/assets\/assets\/transparent.png\" data-no-retina>\n<!--\n\t\t\t\t\t\t\t--><rs-layer\n\t\t\t\t\t\t\t\tid=\"slider-1-slide-1-layer-0\" \n\t\t\t\t\t\t\t\tdata-type=\"text\"\n\t\t\t\t\t\t\t\tdata-color=\"rgba(211, 59, 181, 0.8)\"\n\t\t\t\t\t\t\t\tdata-rsp_ch=\"on\"\n\t\t\t\t\t\t\t\tdata-xy=\"x:239px;y:560px;\"\n\t\t\t\t\t\t\t\tdata-text=\"w:normal;s:138;l:155;ls:-7;fw:800;\"\n\t\t\t\t\t\t\t\tdata-dim=\"w:827;minh:0;\"\n\t\t\t\t\t\t\t\tdata-ford=\"frame_0;frame_1;frame_2;frame_999;\"\n\t\t\t\t\t\t\t\tdata-frame_0=\"sX:2;sY:2;\"\n\t\t\t\t\t\t\t\tdata-frame_0_mask=\"u:t;\"\n\t\t\t\t\t\t\t\tdata-frame_1=\"e:power2.out;sp:1000;\"\n\t\t\t\t\t\t\t\tdata-frame_1_mask=\"u:t;\"\n\t\t\t\t\t\t\t\tdata-frame_999=\"o:0;st:w;\"\n\t\t\t\t\t\t\t\tdata-frame_2=\"e:expo.in;st:400;sp:400;\"\n\t\t\t\t\t\t\t\tstyle=\"z-index:5;font-family:'Poppins';\"\n\t\t\t\t\t\t\t>Pia Vanelly \n\t\t\t\t\t\t\t<\/rs-layer><!--\n-->\t\t\t\t\t\t<\/rs-slide>\n\t\t\t\t\t<\/rs-slides>\n\t\t\t\t<\/rs-module>\n\t\t\t\t<script>\n\t\t\t\t\tsetREVStartSize({c: 'rev_slider_1_1',rl:[1240,1024,778,480],el:[900],gw:[1240],gh:[900],type:'standard',justify:'',layout:'fullwidth',mh:\"0\"});if (window.RS_MODULES!==undefined && window.RS_MODULES.modules!==undefined && window.RS_MODULES.modules[\"revslider11\"]!==undefined) {window.RS_MODULES.modules[\"revslider11\"].once = false;window.revapi1 = undefined;if (window.RS_MODULES.checkMinimal!==undefined) window.RS_MODULES.checkMinimal()}\n\t\t\t\t<\/script>\n\t\t\t<\/rs-module-wrap>\n\t\t\t<!-- END REVOLUTION SLIDER -->\n[\/vc_column][\/vc_row][vc_row equal_height=&#8220;&#8220; font_color=&#8220;light&#8220; bt_text=&#8220;Thats a HIT&#8220; bt_color=&#8220;custom&#8220; bt_font_weight=&#8220;400&#8243; bt_font_style=&#8220;italic&#8220; bt_font_family=&#8220;Permanent Marker&#8220; bt_vertical_align=&#8220;bottom&#8220; shift_y=&#8220;0&#8243; z_index=&#8220;0&#8243; add_bigtext=&#8220;true&#8220; row_name=&#8220;Hits&#8220; bt_custom_color=&#8220;rgba(255,255,255,0.12)&#8220; bt_max_width=&#8220;1500&#8243;][vc_column width=&#8220;1\/2&#8243;][wvc_album_disc rotation_speed=&#8220;3500&#8243; cover_image=&#8220;5215&#8243; disc_image=&#8220;5215&#8243;][\/vc_column][vc_column width=&#8220;1\/2&#8243;][vc_column_text]<\/p>\n<h4>Pia Vanelly ist nicht nur S\u00e4ngerin sondern auch vierfach preisgekr\u00f6nte Songwriterin.<\/h4>\n<p>Auch auf YouTube steigen die Zahlen von ihrem selbst geschriebenen Song :\u201cEs ist wie es ist \u201e gerade mal in kurzer Zeit auf \u00fcber 1.000.000 Views.<\/p>\n<p>Pia legt sehr viel Wert auf autobiografische Texte mit gutem Inhalt und ihre Kompositionen sind Ohrw\u00fcrmer&#x1f3b6;<br \/>\nSeit drei Jahren schreibt sie im Genre Schlager\/Popschlager und Pop auch f\u00fcr andere K\u00fcnstler .<\/p>\n<p>Kontakt : Whatsup \u00a0+43 (0)6641965676[\/vc_column_text][\/vc_column][\/vc_row][vc_row content_width=&#8220;full&#8220; equal_height=&#8220;&#8220; font_color=&#8220;light&#8220; shift_y=&#8220;0&#8243; z_index=&#8220;0&#8243; row_name=&#8220;Releases&#8220;][vc_column][wvc_release_index el_id=&#8220;index-38701&#8243; release_layout=&#8220;overlay&#8220; release_module=&#8220;carousel&#8220; grid_padding=&#8220;no&#8220; overlay_color=&#8220;auto&#8220; overlay_opacity=&#8220;90&#8243; orderby=&#8220;&#8220; order=&#8220;&#8220; release_hover_effect=&#8220;simple&#8220; posts_per_page=&#8220;4&#8243; label_include=&#8220;PV Music&#8220; label_exclude=&#8220;Loud Records&#8220;][\/vc_column][\/vc_row][vc_row full_height=&#8220;yes&#8220; equal_height=&#8220;&#8220; disable_element=&#8220;yes&#8220; font_color=&#8220;light&#8220; bt_text=&#8220;Videos&#8220; bt_color=&#8220;custom&#8220; bt_font_weight=&#8220;400&#8243; bt_text_transform=&#8220;none&#8220; bt_font_family=&#8220;Permanent Marker&#8220; bt_vertical_align=&#8220;bottom&#8220; shift_y=&#8220;0&#8243; z_index=&#8220;0&#8243; add_bigtext=&#8220;true&#8220; row_name=&#8220;Videos&#8220; bt_custom_color=&#8220;rgba(0,0,0,0.05)&#8220;][vc_column][wvc_video_index el_id=&#8220;index-61044&#8243; orderby=&#8220;&#8220; order=&#8220;&#8220; posts_per_page=&#8220;6&#8243;][\/vc_column][\/vc_row][vc_row content_width=&#8220;full&#8220; equal_height=&#8220;&#8220; disable_element=&#8220;yes&#8220; font_color=&#8220;light&#8220; bt_text=&#8220;Photos&#8220; bt_color=&#8220;custom&#8220; bt_font_weight=&#8220;400&#8243; bt_font_style=&#8220;italic&#8220; bt_font_family=&#8220;Permanent Marker&#8220; bt_vertical_align=&#8220;top&#8220; shift_y=&#8220;0&#8243; z_index=&#8220;0&#8243; add_bigtext=&#8220;true&#8220; row_name=&#8220;Photos&#8220; bt_custom_color=&#8220;rgba(255,255,255,0.12)&#8220; bt_max_width=&#8220;500&#8243;][vc_column][vc_empty_space height=&#8220;150 px&#8220;][vc_gallery type=&#8220;mosaic&#8220; img_padding=&#8220;no&#8220; hover_effect=&#8220;greyscale&#8220; images=&#8220;5244,5245,5246,5247,5248,5249,5250,5252,5253,5254,5255,5256,5257,5258,5259,5260,5261,5262,5263,5265,5266,5267,5268,5269&#8243;][\/vc_column][\/vc_row][vc_row full_height=&#8220;yes&#8220; equal_height=&#8220;&#8220; font_color=&#8220;light&#8220; bt_text=&#8220;News&#8220; bt_color=&#8220;custom&#8220; bt_font_weight=&#8220;400&#8243; bt_font_style=&#8220;italic&#8220; bt_font_family=&#8220;Permanent Marker&#8220; bt_vertical_align=&#8220;top&#8220; shift_y=&#8220;0&#8243; z_index=&#8220;0&#8243; add_bigtext=&#8220;true&#8220; row_name=&#8220;News&#8220; bt_custom_color=&#8220;rgba(255,255,255,0.12)&#8220; bt_max_width=&#8220;500&#8243;][vc_column][vc_empty_space height=&#8220;150px&#8220;][wvc_post_index el_id=&#8220;index-21203&#8243; post_display=&#8220;masonry_modern&#8220; post_display_elements=&#8220;show_thumbnail,show_date,show_text,show_category&#8220; pagination=&#8220;link_to_blog&#8220; posts_per_page=&#8220;8&#8243; orderby=&#8220;date&#8220; order=&#8220;DESC&#8220;][\/vc_column][\/vc_row][vc_row equal_height=&#8220;&#8220; font_color=&#8220;light&#8220; background_type=&#8220;image&#8220; background_img=&#8220;5364&#8243; background_effect=&#8220;blur&#8220; background_img_lazyload=&#8220;1&#8243; add_overlay=&#8220;yes&#8220; overlay_opacity=&#8220;80&#8243; bt_text=&#8220;Tour Dates&#8220; bt_color=&#8220;custom&#8220; bt_font_weight=&#8220;400&#8243; bt_text_transform=&#8220;none&#8220; bt_font_family=&#8220;Permanent Marker&#8220; bt_vertical_align=&#8220;bottom&#8220; shift_y=&#8220;0&#8243; z_index=&#8220;0&#8243; add_bigtext=&#8220;true&#8220; row_name=&#8220;Tour&#8220; bt_custom_color=&#8220;rgba(255,255,255,0.05)&#8220;][vc_column][wvc_event_index el_id=&#8220;index-84044&#8243;][\/vc_column][\/vc_row][vc_row full_height=&#8220;yes&#8220; equal_height=&#8220;&#8220; disable_element=&#8220;yes&#8220; font_color=&#8220;light&#8220; background_type=&#8220;image&#8220; background_color=&#8220;lightergrey&#8220; background_img_lazyload=&#8220;1&#8243; bt_text=&#8220;Merchandising&#8220; bt_color=&#8220;custom&#8220; bt_font_weight=&#8220;400&#8243; bt_text_transform=&#8220;none&#8220; bt_font_family=&#8220;Permanent Marker&#8220; bt_vertical_align=&#8220;bottom&#8220; shift_y=&#8220;0&#8243; z_index=&#8220;0&#8243; add_bigtext=&#8220;true&#8220; row_name=&#8220;Merch&#8220; bt_custom_color=&#8220;rgba(0,0,0,0.05)&#8220;][vc_column][wvc_product_index el_id=&#8220;items-45168&#8243; product_display=&#8220;grid_modern_alt&#8220; posts_per_page=&#8220;4&#8243; orderby=&#8220;&#8220; order=&#8220;&#8220; columns=&#8220;4&#8243;][\/vc_column][\/vc_row][vc_row column_type=&#8220;block&#8220; font_color=&#8220;light&#8220; shift_y=&#8220;0&#8243; z_index=&#8220;0&#8243; row_name=&#8220;About&#8220;][vc_column width=&#8220;1\/2&#8243;][vc_custom_heading text=&#8220;Pia Vanelly&#8220; font_size=&#8220;32&#8243; text_align=&#8220;left&#8220; font_weight=&#8220;700&#8243; css_animation=&#8220;fadeInUp&#8220;][vc_separator el_width=&#8220;50&#8243; el_height=&#8220;4&#8243; align=&#8220;align_left&#8220; color=&#8220;darkgrey&#8220; css_animation=&#8220;fadeIn&#8220; css_animation_delay=&#8220;200&#8243;][vc_column_text css_animation=&#8220;fadeIn&#8220; css_animation_delay=&#8220;400&#8243;]<\/p>\n<h2>PIA VANELLY \u2026 die Baumeisterin ihres Lebens<\/h2>\n<p>Das Leben ist kein langer ruhiger Fluss. Vielmehr \u00fcberrascht es uns mit Untiefen genauso wie mit Stromschnellen und auch vielen seichten Gew\u00e4ssern. Wenn man noch dazu im Sternzeichen des Wassermanns geboren ist, dann wei\u00df man dass der Ritt auf dem Fluss des Lebens zumeist viel mehr einer Rafting-Tour gleicht als dem sanften Schaukeln auf der Luftmatratze.<\/p>\n<p>Pia Vanelly ist Wassermann. Einspruch: Wasserfrau! Diese Unterscheidung ist wichtig, denn in ihrem Leben musste sie bisher bereits sehr oft ihre Frau stehen und wenn sie heute sagt \u201aich bin f\u00fcr mich alleine zust\u00e4ndig\u2018, dann sind das keine Worth\u00fclsen sondern es ist eine Erkl\u00e4rung f\u00fcr vieles.<\/p>\n<p>Pia, als Petra in Deutschland geboren, in \u00d6sterreich aufgewachsen. Die Kindheit im steirischen Leibnitz verbracht und dort vom Papa dereinst mit einem Keyboard \u00fcberrascht worden. Sie war vier als sie bemerkt hat, dass, wenn man die Tasten in ganz bestimmten Kombinationen dr\u00fcckt, aus Geklimper richtige Melodien werden k\u00f6nnen und mit jedem neuen Keyboard das Papa nach Hause brachte, wuchsen auch die Fertigkeiten des M\u00e4dels. Mit 10 haderte sie in der Musikschule mit den Noten, hatte aber das Gl\u00fcck auf einen Musiklehrer zu treffen der das Talent des Kindes erkannte und den Schwerpunkt der Ausbildung auf Komposition legte und so dauerte es nicht lange und die ersten eigenen Titel entstanden. \u201aNoten brauche ich bis heute nicht\u2018, lacht Pia wenn sie an die Zeit zur\u00fcck denkt wo ihr Notenschreiben fast ein wenig die Freude am Musikmachen verdorben h\u00e4tte. Sie komponiert und spielt nach Gef\u00fchl und Geh\u00f6r und wenn da die Sinne sagen es passt, dann passt es auch.<\/p>\n<p>Es kam die Zeit, da begannen im Leben andere Werte eine Rolle zu spielen. \u201aIch bin ein absoluter Familienmensch. Mein eigenes Heim, die Kinder, Familienleben\u2026 Daf\u00fcr lebe ich\u2018, sagt sie und der Traum, den sie mit ihren eigenen H\u00e4nden aufgebaut hat, ging in Erf\u00fcllung.<\/p>\n<p>Es folgte der m\u00fchevolle Weg zur ersten Sprosse auf der Karriereleiter. Ein Jahr sp\u00e4ter das erste Album und der Terminkalender f\u00fcllte sich zunehmend. Dann die Entscheidung endg\u00fcltig ins Profi-Lager zu wechseln. \u201aEs ging einfach nicht mehr. Im Laden stehen und am Wochenende auf der B\u00fchne mein Bestes geben\u2026 ich habe die Kraft f\u00fcr meine Shows gebraucht und seit zwei Jahren ist die Musik alles um das sich mein Leben dreht\u2026 Fast alles\u2026\u2018, sagt Pia und ist stolz, das neue Haus fertig gebaut zu haben.<\/p>\n<p>Vanelly! Aber der Name? Wir kam es dazu? Pia lacht: \u201aWenn ich das erz\u00e4hle\u2026 Es ist eine irre Geschichte. Meine Anfangsbuchstaben haben eine spezielle Bedeutung<\/p>\n<p><strong>P= Pianistin<br \/>\nI= Interpretin<br \/>\nA= Autorin<\/strong> \u2026\u2026\u2026\u2026\u2026\u2026.ich texte und komponiere all meine Songs selbst<\/p>\n<p>Der Name findet sich mittlerweile auf zahlreichen Plakaten, wird in der Musikszene immer popul\u00e4rer und mehr und mehr kristallisiert sich auch der Weg heraus, der ihr vorbestimmt ist. \u201aEs geht um eine, um meine musikalische Eigenst\u00e4ndigkeit. Meine Lieder hat das Leben geschrieben und all die \u00dcberraschungen, gleich welcher Art, die es f\u00fcr mich so auf Lager hatte und auch noch haben wird, die flie\u00dfen in meine Texte und Kompositionen ein. Lieder erz\u00e4hlen Geschichten und in meinen, da steckt viel von mir drin\u2018, so Pia. \u201aIch habe noch viel vor !<\/p>\n<p>In meinem Kopf entstehen immer wieder neue Ideen-ein richtiges positives Chaos ! Daraus werden wiederum Ziele umgesetzt \u2013 SOWIE IHR ZWEITES AKTUELLE ALBUM \u201eCHAOS&#8220;<\/p>\n<p><strong>NEWS<\/strong><br \/>\n2016 tourte die Powerfrau mit Ihrem Album #CHAOS# auch auf internationalen B\u00fchnen in Asien, Holland, Schweiz, Mallorca, Kroatien , Deutschland , Moskau.<\/p>\n<p>Im April \/ Mai 2018 tourt sie erstmals in DUBAI<\/p>\n<p><strong>MEDIEN \/ Rundfunk<\/strong><br \/>\nMDR Hitparade, Radio Paloma, ORF, VHR, FFR,<br \/>\nSchlager DE , Smago uvm<\/p>\n<p>Inzwischen arbeitet die K\u00fcnstlerin am neuen Album[\/vc_column_text][\/vc_column][vc_column width=&#8220;1\/2&#8243; background_type=&#8220;image&#8220; background_effect=&#8220;parallax&#8220; background_img_lazyload=&#8220;1&#8243; shift_x=&#8220;0&#8243; shift_y=&#8220;0&#8243; z_index=&#8220;0&#8243; sticky=&#8220;true&#8220; min_height=&#8220;100vh&#8220;][vc_single_image image=&#8220;5269&#8243; img_size=&#8220;300&#215;537&#8243; full_width=&#8220;1&#8243; opacity=&#8220;100&#8243;][\/vc_column][\/vc_row][vc_row full_height=&#8220;yes&#8220; equal_height=&#8220;&#8220; font_color=&#8220;light&#8220; bt_text=&#8220;Contact&#8220; bt_color=&#8220;custom&#8220; bt_font_weight=&#8220;400&#8243; bt_text_transform=&#8220;none&#8220; bt_font_family=&#8220;Permanent Marker&#8220; bt_vertical_align=&#8220;bottom&#8220; shift_y=&#8220;0&#8243; z_index=&#8220;0&#8243; add_bigtext=&#8220;true&#8220; row_name=&#8220;Contact&#8220; bt_custom_color=&#8220;rgba(0,0,0,0.05)&#8220;][vc_column width=&#8220;1\/2&#8243;][vc_column_text css=&#8220;.vc_custom_1682968276573{margin-bottom: 30px !important;}&#8220;]<\/p>\n<h3><strong><span style=\"color: #ff0000;\"><span style=\"color: #d33bb5;\">Contact<\/span><\/span><\/strong><\/h3>\n<p>PV-Music\/ Label<br \/>\nTel: +43\/6641965676<br \/>\nMail: <a href=\"mailto:pv.music@piavanelly.com\">pv.music@piavanelly.com<\/a><\/p>\n<p>&nbsp;<\/p>\n<p><img loading=\"lazy\" decoding=\"async\" class=\"alignnone wp-image-493\" src=\"http:\/\/www.piavanelly.com\/piavanelly\/wp-content\/uploads\/2015\/11\/image-8.jpeg\" alt=\"image\" width=\"220\" height=\"149\" srcset=\"http:\/\/www.piavanelly.com\/piavanelly\/wp-content\/uploads\/2015\/11\/image-8.jpeg 1536w, http:\/\/www.piavanelly.com\/piavanelly\/wp-content\/uploads\/2015\/11\/image-8-300x203.jpeg 300w, http:\/\/www.piavanelly.com\/piavanelly\/wp-content\/uploads\/2015\/11\/image-8-768x519.jpeg 768w, http:\/\/www.piavanelly.com\/piavanelly\/wp-content\/uploads\/2015\/11\/image-8-1024x691.jpeg 1024w\" sizes=\"auto, (max-width: 220px) 100vw, 220px\" \/><\/p>\n<p>&nbsp;<\/p>\n<h3><strong><span style=\"color: #d33bb5;\">Fanpost<\/span><\/strong><\/h3>\n<p>Pia Vanelly<br \/>\nOttmanacherstrasse 16\/2<br \/>\n9064 Magdalensberg<\/p>\n<p>Bitte ausreichend frankiertes Kuvert beilegen ![\/vc_column_text][\/vc_column][vc_column width=&#8220;1\/2&#8243;]\n<div class=\"wpcf7 no-js\" id=\"wpcf7-f5296-o1\" lang=\"de-DE\" dir=\"ltr\" data-wpcf7-id=\"5296\">\n<div class=\"screen-reader-response\"><p role=\"status\" aria-live=\"polite\" aria-atomic=\"true\"><\/p> <ul><\/ul><\/div>\n<form action=\"\/piavanelly\/wp-json\/wp\/v2\/pages\/5206#wpcf7-f5296-o1\" method=\"post\" class=\"wpcf7-form init\" aria-label=\"Kontaktformular\" novalidate=\"novalidate\" data-status=\"init\">\n<fieldset class=\"hidden-fields-container\"><input type=\"hidden\" name=\"_wpcf7\" value=\"5296\" \/><input type=\"hidden\" name=\"_wpcf7_version\" value=\"6.1.5\" \/><input type=\"hidden\" name=\"_wpcf7_locale\" value=\"de_DE\" \/><input type=\"hidden\" name=\"_wpcf7_unit_tag\" value=\"wpcf7-f5296-o1\" \/><input type=\"hidden\" name=\"_wpcf7_container_post\" value=\"0\" \/><input type=\"hidden\" name=\"_wpcf7_posted_data_hash\" value=\"\" \/>\n<\/fieldset>\n<p><label> Name<br \/>\n<span class=\"wpcf7-form-control-wrap\" data-name=\"your-name\"><input size=\"40\" maxlength=\"400\" class=\"wpcf7-form-control wpcf7-text wpcf7-validates-as-required\" autocomplete=\"name\" aria-required=\"true\" aria-invalid=\"false\" value=\"\" type=\"text\" name=\"your-name\" \/><\/span> <\/label>\n<\/p>\n<p><label> E-Mail<br \/>\n<span class=\"wpcf7-form-control-wrap\" data-name=\"your-email\"><input size=\"40\" maxlength=\"400\" class=\"wpcf7-form-control wpcf7-email wpcf7-validates-as-required wpcf7-text wpcf7-validates-as-email\" autocomplete=\"email\" aria-required=\"true\" aria-invalid=\"false\" value=\"\" type=\"email\" name=\"your-email\" \/><\/span> <\/label>\n<\/p>\n<p><label> Telefon<br \/>\n<span class=\"wpcf7-form-control-wrap\" data-name=\"Telefon\"><input size=\"40\" maxlength=\"400\" class=\"wpcf7-form-control wpcf7-tel wpcf7-text wpcf7-validates-as-tel\" aria-invalid=\"false\" value=\"\" type=\"tel\" name=\"Telefon\" \/><\/span> <\/label>\n<\/p>\n<p><label> Betreff<br \/>\n<span class=\"wpcf7-form-control-wrap\" data-name=\"your-subject\"><input size=\"40\" maxlength=\"400\" class=\"wpcf7-form-control wpcf7-text wpcf7-validates-as-required\" aria-required=\"true\" aria-invalid=\"false\" value=\"\" type=\"text\" name=\"your-subject\" \/><\/span> <\/label>\n<\/p>\n<p><label> Nachricht (optional)<br \/>\n<span class=\"wpcf7-form-control-wrap\" data-name=\"your-message\"><textarea cols=\"40\" rows=\"10\" maxlength=\"2000\" class=\"wpcf7-form-control wpcf7-textarea\" aria-invalid=\"false\" name=\"your-message\"><\/textarea><\/span> <\/label>\n<\/p>\n<p><input class=\"wpcf7-form-control wpcf7-submit has-spinner\" type=\"submit\" value=\"Senden\" \/>\n<\/p><div class=\"wpcf7-response-output\" aria-hidden=\"true\"><\/div>\n<\/form>\n<\/div>\n[\/vc_column][\/vc_row]<\/p>\n<\/section>","protected":false},"excerpt":{"rendered":"<p>[vc_row content_width=&#8220;full&#8220; equal_height=&#8220;&#8220; font_color=&#8220;light&#8220; shift_y=&#8220;0&#8243; z_index=&#8220;0&#8243; arrow_down=&#8220;true&#8220; row_name=&#8220;Home&#8220;][vc_column][\/vc_column][\/vc_row][vc_row equal_height=&#8220;&#8220; font_color=&#8220;light&#8220; bt_text=&#8220;Thats a HIT&#8220; bt_color=&#8220;custom&#8220; bt_font_weight=&#8220;400&#8243; bt_font_style=&#8220;italic&#8220; bt_font_family=&#8220;Permanent Marker&#8220; bt_vertical_align=&#8220;bottom&#8220; shift_y=&#8220;0&#8243; z_index=&#8220;0&#8243; add_bigtext=&#8220;true&#8220; row_name=&#8220;Hits&#8220; bt_custom_color=&#8220;rgba(255,255,255,0.12)&#8220; bt_max_width=&#8220;1500&#8243;][vc_column width=&#8220;1\/2&#8243;][wvc_album_disc rotation_speed=&#8220;3500&#8243; cover_image=&#8220;5215&#8243; disc_image=&#8220;5215&#8243;][\/vc_column][vc_column width=&#8220;1\/2&#8243;][vc_column_text] Pia Vanelly ist nicht nur S\u00e4ngerin sondern auch vierfach preisgekr\u00f6nte Songwriterin. Auch auf YouTube steigen die Zahlen von ihrem selbst geschriebenen Song :\u201cEs ist wie&#8230;<\/p>\n<p><a rel=\"bookmark\" class=\"loud_button_alt wvc-button wvc-button-size-xs\" href=\"http:\/\/www.piavanelly.com\/piavanelly\/\"><span>Continue reading<\/span><\/a><\/p>\n","protected":false},"author":1,"featured_media":0,"parent":0,"menu_order":0,"comment_status":"closed","ping_status":"closed","template":"","meta":{"footnotes":""},"class_list":{"0":"post-5206","1":"page","2":"type-page","3":"status-publish","4":"hentry","5":"entry","6":"clearfix","7":"entry-grid","8":"entry-columns-default","9":"entry-page-module-layout-standard","10":"no-post-thumbnail","11":"entry-page","13":"entry-page-grid"},"_links":{"self":[{"href":"http:\/\/www.piavanelly.com\/piavanelly\/wp-json\/wp\/v2\/pages\/5206","targetHints":{"allow":["GET"]}}],"collection":[{"href":"http:\/\/www.piavanelly.com\/piavanelly\/wp-json\/wp\/v2\/pages"}],"about":[{"href":"http:\/\/www.piavanelly.com\/piavanelly\/wp-json\/wp\/v2\/types\/page"}],"author":[{"embeddable":true,"href":"http:\/\/www.piavanelly.com\/piavanelly\/wp-json\/wp\/v2\/users\/1"}],"replies":[{"embeddable":true,"href":"http:\/\/www.piavanelly.com\/piavanelly\/wp-json\/wp\/v2\/comments?post=5206"}],"version-history":[{"count":24,"href":"http:\/\/www.piavanelly.com\/piavanelly\/wp-json\/wp\/v2\/pages\/5206\/revisions"}],"predecessor-version":[{"id":5366,"href":"http:\/\/www.piavanelly.com\/piavanelly\/wp-json\/wp\/v2\/pages\/5206\/revisions\/5366"}],"wp:attachment":[{"href":"http:\/\/www.piavanelly.com\/piavanelly\/wp-json\/wp\/v2\/media?parent=5206"}],"curies":[{"name":"wp","href":"https:\/\/api.w.org\/{rel}","templated":true}]}}